{"id":11,"date":"2023-05-18T13:35:40","date_gmt":"2023-05-18T13:35:40","guid":{"rendered":"https:\/\/wirteltor.de\/?page_id=11"},"modified":"2023-05-18T13:35:40","modified_gmt":"2023-05-18T13:35:40","slug":"datenschutz","status":"publish","type":"page","link":"http:\/\/wirteltor.int\/?page_id=11","title":{"rendered":"Datenschutz"},"content":{"rendered":"\n<p><strong>Datenschutzerkl\u00e4rung<\/strong><\/p>\n\n\n\n<p>Die nachfolgende Datenschutzerkl\u00e4rung gilt f\u00fcr die Nutzung unseres Online-Angebots unter&nbsp;<a href=\"https:\/\/www.wirteltor.de\/index.html\">www.wirteltor.de<\/a>&nbsp;(nachfolgend Website) sowie die Kontaktaufnahme mit&nbsp;uns \u00fcber eine der angebotenen Kontakt-M\u00f6glichkeiten.<\/p>\n\n\n\n<p><strong>Verantwortlicher<\/strong><\/p>\n\n\n\n<p>Verantwortlicher f\u00fcr die Erhebung, Verarbeitung und Nutzung Ihrer personenbezogenen Daten ist:<\/p>\n\n\n\n<p>Matthias Schmidt<br>Viktoriastr. 46<br>52351 D\u00fcren<br>Deutschland<br>Tel.: +49 2421 2639263<br>E-Mail: kontakt@schmidt-matthias.de<\/p>\n\n\n\n<p>Jegliche Art von datenschutzbezogenen Fragen, Auskunftsersuchen und Widerspr\u00fcchen k\u00f6nnen Sie an den Verantwortlichen richten.<\/p>\n\n\n\n<p>Bitte nutzen Sie bevorzugt die Kontaktm\u00f6glichkeit per E-Mail, um eine schnelle und f\u00fcr beide Seiten kosteng\u00fcnstige Bearbeitung Ihres Anliegens zu gew\u00e4hrleisten.<\/p>\n\n\n\n<p><strong>Erhobene, verarbeitete und genutzte Daten bei Benutzung der Website<\/strong><\/p>\n\n\n\n<p>Beim Aufruf der Seite wird ihre aktuelle IP-Adresse zu uns \u00fcbertragen. Dies ist notwendig, um Ihnen die Website \u00fcberhaupt zur\u00fcck \u00fcbertragen und anzeigen zu k\u00f6nnen. Diese IP-Adresse ist durch Ihren in dem Moment genutzten Internet-Service-Provider oder durch andere Dienste, die Sie mit dieser IP-Adresse aufrufen, m\u00f6glicherweise Ihrer Person zuzuordnen. Wir haben diese M\u00f6glichkeit in der Regel nicht.<\/p>\n\n\n\n<p>Wir nutzen diese IP-Adresse ausschlie\u00dflich, um Ihnen diese Website anzuzeigen. Eine Speicherung in Log-Dateien findet auf unserem Server nicht statt.<\/p>\n\n\n\n<p>Diese Website wird durch einen Server des obigen Verantwortlichen an obiger Adresse bereitgestellt. Es findet hier also keine Auftragsdatenverarbeitung durch Dritte statt.<\/p>\n\n\n\n<p>Rechtsgrundlage f\u00fcr diese Erhebung und Verarbeitung ist Artikel 6 Absatz 1 Buchstabe f) der Datenschutzgrundverordnung (DSGVO) der Europ\u00e4ischen Union [<a href=\"http:\/\/eur-lex.europa.eu\/eli\/reg\/2016\/679\/2016-05-04\">http:\/\/eur-lex.europa.eu\/eli\/reg\/2016\/679\/2016-05-04<sup><\/sup><\/a>]. Wir haben ein berechtigtes Interesse, Ihnen die Website anzuzeigen, die Sie selbst aufgerufen haben.<\/p>\n\n\n\n<p><strong>Cookies<\/strong><\/p>\n\n\n\n<p>Unsere Website verwendet keine Cookies.<\/p>\n\n\n\n<p><strong>In die Website eingebundene Services<\/strong><\/p>\n\n\n\n<p>Es sind keine Services in unsere Website eingebunden:<\/p>\n\n\n\n<p><strong>Links<\/strong><\/p>\n\n\n\n<p>Auf unserer Website finden Sie weitere Links auf Websites, deren Datenverarbeitung nicht von uns verantwortet wird, beispielsweise auf unseren YouTube-Kanal. Wenn Sie diesen Links folgen, wird Ihre IP-Adresse und in der Regel auch die Tatsache, dass dieser Aufruf von unserer Website als vorher besuchter Website kam (sogenannter \u201cReferer\u201d), durch Ihren Browser an die verlinkte Website \u00fcbetragen. Die \u00dcbermittlung dieses \u201cReferers\u201d kann m\u00f6glicherweise in den Einstellungen Ihres Browsers deaktiviert werden. Konsultieren Sie hierzu bitte dessen Dokumentation. Au\u00dferdem k\u00f6nnen Sie den Ziel-Link kopieren und in die Adresszeile des Browsers kopieren, was die \u00dcbermittlung des Referers verhindert.<\/p>\n\n\n\n<p>Die Datenschutzerkl\u00e4rungen der verlinkten Websites sollten Sie auf diesen finden k\u00f6nnen. Hierauf haben wir jedoch keinen Einfluss und k\u00f6nnen dies nicht garantieren.<\/p>\n\n\n\n<p><strong>Erhobene, verarbeitete und genutzte Daten bei Kontaktaufnahme<\/strong><\/p>\n\n\n\n<p>Wenn Sie \u00fcber eine der angebotenen M\u00f6glichkeiten mit uns in Kontakt treten, \u00fcbermitteln Sie uns dadurch selbstverst\u00e4ndlich die Daten, die in dieser Kontaktaufnahme enthalten sind, sowie eventuell weitere Daten, die durch den gew\u00e4hlten Kommunikationsweg bedingt sind. Wir verwenden diese Daten, um auf Ihre Kontaktaufnahme reagieren zu k\u00f6nnen, woran wir und Sie ein berechtigtes Interesse haben.<\/p>\n\n\n\n<p>Im Einzelnen erhalte wir E-Mails an kontakt@schmidt-matthias.de in unserem E-Mail-Systemen und behalte sie dort, um Ihre Anfrage zu bearbeiten. Wenn Sie dies nicht w\u00fcnschen, schreiben Sie bitte keine E-Mail an diese Adresse, sondern nutzen eine der anderen Kontakt-M\u00f6glichkeiten. In den Verwaltungsdaten einer E-Mail sind, ohne dass wir dies beeinflussen kann, eventuell weitere Daten wie Ihre beim Absenden der Mail verwendete IP-Adresse, die in Ihrem Mail-Programm eingestellte Zeitzone und weitere enthalten.<\/p>\n\n\n\n<p>Bei Kontaktaufnahme per Telefon \u00fcbermittelt Ihr Telefonanbieter, wenn Sie dies eingerichtet haben, Ihre Telefonnummer an uns. Hierauf haben wir keinen Einfluss. Wenn Sie dies nicht m\u00f6chten, deaktivieren Sie bitte die Telefonnummern-\u00dcbertragung oder nutzen Sie eine der anderen Kontakt-M\u00f6glichkeiten.<\/p>\n\n\n\n<p>Rechtsgrundlage f\u00fcr diese Erhebung und Verarbeitung ist wiederum Artikel 6 Absatz 1 Buchstabe f) der Datenschutzgrundverordnung (DSGVO) der Europ\u00e4ischen Union [<a href=\"http:\/\/eur-lex.europa.eu\/eli\/reg\/2016\/679\/2016-05-04\">http:\/\/eur-lex.europa.eu\/eli\/reg\/2016\/679\/2016-05-04<sup><\/sup><\/a>]. Wir haben ein berechtigtes Interesse, auf Ihre Anfragen an uns auch antworten zu k\u00f6nnen.<\/p>\n\n\n\n<p><strong>Ihre Rechte als von Datenverarbeitung Betroffener<\/strong><\/p>\n\n\n\n<p>Sie haben aufgrund der Datenschutzgrundverordnung (DSGVO) der Europ\u00e4ischen Union [<a href=\"http:\/\/eur-lex.europa.eu\/eli\/reg\/2016\/679\/2016-05-04\">http:\/\/eur-lex.europa.eu\/eli\/reg\/2016\/679\/2016-05-04<sup><\/sup><\/a>] folgende Rechte:<\/p>\n\n\n\n<ul>\n<li>Auskunftsrecht der betroffenen Person<\/li>\n\n\n\n<li>Sie haben das Recht auf eine \u00fcbersichtliche Auskunft \u00fcber die Verarbeitung Ihrer personenbezogenen Daten. (Artikel 15 der DSGVO)<\/li>\n\n\n\n<li>Recht auf Berichtigung<\/li>\n\n\n\n<li>Sie haben das Recht, von uns die Berichtigung und ggf. auch Vervollst\u00e4ndigung Sie betreffender personenbezogener Daten zu verlangen. (Artikel 16 der DSGVO)<\/li>\n\n\n\n<li>Recht auf L\u00f6schung<\/li>\n\n\n\n<li>In einer Reihe von F\u00e4llen sind wir verpflichtet, Sie betreffende personenbezogene Daten zu l\u00f6schen. (Artikel 17 der DSGVO)<\/li>\n\n\n\n<li>Recht auf Einschr\u00e4nkung der Verarbeitung<\/li>\n\n\n\n<li>In einer Reihe von F\u00e4llen sind Sie berechtigt, von uns eine Einschr\u00e4nkung der Verarbeitung Ihrer personenbezogenen Daten zu verlangen. (Artikel 18 der DSGVO)<\/li>\n\n\n\n<li>Recht auf Daten\u00fcbertragbarkeit<\/li>\n\n\n\n<li>Sie haben das Recht, Sie betreffende personenbezogene Daten maschinenlesbar zu erhalten, zu \u00fcbermitteln, oder von uns \u00fcbermitteln zu lasen. (Artikel 20 der DSGVO)<\/li>\n\n\n\n<li>Widerspruchsrecht<\/li>\n\n\n\n<li>Sie haben das Recht, aus einer rechtm\u00e4\u00dfigen Verarbeitung Ihrer personenbezogenen Daten durch uns zu widersprechen, wenn sich dies aus Ihrer besonderen Situation begr\u00fcndet und unsere Interessen an der Verarbeitung nicht \u00fcberwiegen. (Artikel 21 der DSGVO)<\/li>\n\n\n\n<li>Automatisierte Entscheidungen einschlie\u00dflich Profiling<\/li>\n\n\n\n<li>Sie haben das Recht, nicht einer ausschlie\u00dflich auf einer automatisierten Verarbeitung \u2013 einschlie\u00dflich Profiling \u2013 beruhenden Entscheidung unterworfen zu werden, die Ihnen gegen\u00fcber rechtliche Wirkung entfaltet oder Sie in \u00e4hnlicher Weise erheblich beeintr\u00e4chtigt. (Artikel 22 der DSGVO) Solche Entscheidungen finden bei uns nicht statt.<\/li>\n\n\n\n<li>Recht auf Widerruf einer datenschutzrechtlichen Einwilligung<\/li>\n\n\n\n<li>Sie haben das Recht, eine Einwilligung zur Verarbeitung personenbezogener Daten jederzeit zu widerrufen. (Artikel 7 der DSGVO)<\/li>\n\n\n\n<li>Recht auf Beschwerde bei einer Aufsichtsbeh\u00f6rde<\/li>\n\n\n\n<li>Sie haben das Recht auf Beschwerde bei einer Aufsichtsbeh\u00f6rde, insbesondere in dem Mitgliedstaat Ihres Aufenthaltsorts, Ihres Arbeitsplatzes oder des Orts des mutma\u00dflichen Versto\u00dfes, wenn Sie der Ansicht sind, dass die Verarbeitung der Sie betreffenden personenbezogenen Daten rechtswidrig ist. (Artikel 77 der DSGVO)<\/li>\n<\/ul>\n\n\n\n<p>Wenn Sie eines dieser Rechte wahrnehmen wollen, wenden Sie sich bitte an den oben angegebenen Verantwortlichen.<\/p>\n\n\n\n<p>Bitte nutzen Sie bevorzugt die Kontaktm\u00f6glichkeit per E-Mail, um eine schnelle und f\u00fcr beide Seiten kosteng\u00fcnstige Bearbeitung Ihres Anliegens zu gew\u00e4hrleisten.<\/p>\n\n\n\n<p>Da bei einem reinen Besuch unserer Website keinerlei Daten \u00fcber die Dauer des Besuchs hinaus gespeichert werden, kommt die Wahrnehmung dieser Rechte vor allem in Betracht, wenn Sie mit uns durch eine der auf dieser Website angegebenen M\u00f6glichkeiten in Kontakt getreten sind.<\/p>\n\n\n\n<p>Die f\u00fcr uns zust\u00e4ndige Aufsichtsbeh\u00f6rde ist:<\/p>\n\n\n\n<p>Landesbeauftragte f\u00fcr Datenschutz und Informationsfreiheit<br>Nordrhein-Westfalen<br>Postfach 20 04 44<br>40102 D\u00fcsseldorf<br>Tel.: 0211\/38424-0<br>Fax: 0211\/38424-10<br>E-Mail: poststelle@ldi.nrw.de<br>Web:&nbsp;<a href=\"https:\/\/www.ldi.nrw.de\/\">https:\/\/www.ldi.nrw.de\/<\/a><\/p>\n","protected":false},"excerpt":{"rendered":"<p>Datenschutzerkl\u00e4rung Die nachfolgende Datenschutzerkl\u00e4rung gilt f\u00fcr die Nutzung unseres Online-Angebots unter&nbsp;www.wirteltor.de&nbsp;(nachfolgend Website) sowie die Kontaktaufnahme mit&nbsp;uns \u00fcber eine der angebotenen Kontakt-M\u00f6glichkeiten. Verantwortlicher Verantwortlicher f\u00fcr die Erhebung, Verarbeitung und Nutzung Ihrer personenbezogenen Daten ist: Matthias SchmidtViktoriastr. 4652351 D\u00fcrenDeutschlandTel.: +49 2421 2639263E-Mail: kontakt@schmidt-matthias.de Jegliche Art von datenschutzbezogenen Fragen, Auskunftsersuchen und Widerspr\u00fcchen k\u00f6nnen Sie an den Verantwortlichen richten. [&hellip;]<\/p>\n","protected":false},"author":1,"featured_media":0,"parent":0,"menu_order":0,"comment_status":"closed","ping_status":"closed","template":"","meta":[],"_links":{"self":[{"href":"http:\/\/wirteltor.int\/index.php?rest_route=\/wp\/v2\/pages\/11"}],"collection":[{"href":"http:\/\/wirteltor.int\/index.php?rest_route=\/wp\/v2\/pages"}],"about":[{"href":"http:\/\/wirteltor.int\/index.php?rest_route=\/wp\/v2\/types\/page"}],"author":[{"embeddable":true,"href":"http:\/\/wirteltor.int\/index.php?rest_route=\/wp\/v2\/users\/1"}],"replies":[{"embeddable":true,"href":"http:\/\/wirteltor.int\/index.php?rest_route=%2Fwp%2Fv2%2Fcomments&post=11"}],"version-history":[{"count":1,"href":"http:\/\/wirteltor.int\/index.php?rest_route=\/wp\/v2\/pages\/11\/revisions"}],"predecessor-version":[{"id":12,"href":"http:\/\/wirteltor.int\/index.php?rest_route=\/wp\/v2\/pages\/11\/revisions\/12"}],"wp:attachment":[{"href":"http:\/\/wirteltor.int\/index.php?rest_route=%2Fwp%2Fv2%2Fmedia&parent=11"}],"curies":[{"name":"wp","href":"https:\/\/api.w.org\/{rel}","templated":true}]}}